{"id":7,"date":"2021-11-23T00:52:44","date_gmt":"2021-11-23T03:52:44","guid":{"rendered":"http:\/\/avalorem.com.br\/\/?page_id=7"},"modified":"2022-01-25T01:37:34","modified_gmt":"2022-01-25T04:37:34","slug":"quem-somos","status":"publish","type":"page","link":"https:\/\/avalorem.com.br\/en\/quem-somos\/","title":{"rendered":"Who we are"},"content":{"rendered":"<div class=\"topimageequipe\">\n<div class=\"container\">\n<div class=\"row h-100\">\n<div class=\"col-12 m-auto p-5\">\n<h2 class=\"titpag\">Who we are<\/h2>\n<\/div>\n<\/div>\n<\/div>\n<\/div>\n<div class=\"container mt-5\">\n<div class=\"row h-100\">\n<div class=\"col-12 mt-4\">\n<blockquote>\n<p>We are challenge-driven professionals and entrepreneurs, with experience in several industries that combine strategic business vision, execution capability and financial knowledge, necessary to ensure that our portfolio companies grow and become strong and sustainable businesses. <br \/>\nAs active partners, we focus our attention on creating value, combining growth and profitability.\n<\/p>\n<\/blockquote>\n<\/div>\n<div class=\"col-12\">\n<div class='black' style='background:rgba(0,0,0,0); border:solid 0px rgba(0,0,0,0); border-radius:0px; padding:0px 0px 0px 0px;'>\n<div id='slider_562' class='owl-carousel sa_owl_theme owl-pagination-true autohide-arrows' data-slider-id='slider_562' style='visibility:hidden;'>\n<div id='slider_562_slide01' class='sa_hover_container' style='padding:2% 5%; margin:0px 0%; '><div class=\"row\">\r\n<div class=\"col-12 mt-4 mb-4\"><hr \/><\/div>\r\n<div class=\"col-lg-3 col-sm-10 \"><img decoding=\"async\" class=\"img-fluid equipesocio\" src=\"https:\/\/avalorem.com.br\/\/wp-content\/uploads\/2021\/11\/aguilera.jpg\"\/><\/div>\r\n<div class=\"col-lg-9 col-sm-10 \">\r\n<h3 class=\"color\">JC Aguilera<\/h3>\r\nAlpha Valorem founding partner, he was a partner, co-founder, and member of the board of directors of the Central de Registros-CRDC, a Trade Repository authorized by the Brazilian Central Bank. He was president of Brasil Ecodiesel SA (currently Terra Santa Agro S \/A), where, between 2008 and 2011, he carried out the financial restructuring of the company as well as its new strategic positioning in Brazilian agribusiness. As a partner at Galeazzi Associados, where he served for five years, Aguilera led the restructuring project of Grupo AvipalEleg\u00ea as CRO and Superintendent. He also held executive position at Alpargatas, Etti, Grupo Tupi, Martini & Rossi, Metrophone, Radio M\u00f3vel Digital, KimberlyClark, CPM and Refina\u00e7\u00f5es de Milho Brasil. Graduated and Postgraduated in Business Administration at EAESP \u2013 FGV with a course in Strategic Marketing Management at Harvard Business School. He was also President of ABA (Brazilian Advertisers Association) and university professor in MBA courses, as well as co-author of the book Strategic Management of Corporate Changes (Edit. Saraiva 2009). \r\n<ul class=\"list-inline text-right\">\r\n<li class=\"list-inline-item\"><a target=\"_blank\"  href=\"https:\/\/www.linkedin.com\/in\/jc-aguilera-15630332\/\"><i class=\"fab fa-linkedin\"><\/i><\/a><\/li>\r\n<li class=\"list-inline-item\"><a href=\"mailto:aguilera@avalorem.com.br\"><i class=\"fas fa-envelope-open-text\"><\/i><\/a><\/li>\r\n<\/ul>\r\n<\/div>\r\n<div class=\"col-12 mt-4 mb-4\" id=\"\"><hr \/><\/div>\r\n<\/div><\/div>\n<div id='slider_562_slide02' class='sa_hover_container' style='padding:2% 5%; margin:0px 0%; '><div class=\"row\">\r\n<div class=\"col-12 mt-4 mb-4\" id=\"\"><hr \/><\/div>\r\n<div class=\"col-lg-3 col-sm-10 pb-3\"><img decoding=\"async\" class=\"img-fluid equipesocio\" src=\"https:\/\/avalorem.com.br\/\/wp-content\/uploads\/2021\/11\/fernando.jpg\"\/><\/div>\r\n<div class=\"col-lg-9 col-sm-10 pr-3\">\r\n<h3 class=\"color\">Fernando J Kalleder<\/h3>\r\nPartner and managing director of Alpha Valorem and was co-founding partner and CEO of Central de Registros \u2013 CRDC, Trade Repository authorized by the Brazilian Central Bank. With 40 years of professional experience, he was also co-founder and manager of venture capital fund focused on technology-based companies in early 2000 as well as led company transformation projects, involving restructuring, review of business processes, professionalization, change of corporate control. He also worked as financial executive in companies in several sectors, including chemical-petrochemicals (Ultra group), food (J. Mac\u00eado Alimentos), logistics (Santos Brasil), technology (iG Internet portal) and agribusiness (Fertilizantes Heringer). Graduated in production engineering from Poli-USP with a postgraduate degree in financial administration from EAESP-FGV and an MBA from Insper (Instituto de Ensino e Pesquisa).  \r\n<ul class=\"list-inline text-right\">\r\n<li class=\"list-inline-item\"><a target=\"_blank\"  href=\"https:\/\/www.linkedin.com\/in\/fernando-jorge-kalleder-1075081\/\"><i class=\"fab fa-linkedin\"><\/i><\/a><\/li>\r\n<li class=\"list-inline-item\"><a href=\"mailto:fkalleder@avalorem.com.br\"><i class=\"fas fa-envelope-open-text\"><\/i><\/a><\/li>\r\n<\/ul>\r\n<\/div>\r\n\r\n<div class=\"col-12 mt-4 mb-4\" id=\"\"><hr \/><\/div>\r\n<\/div><\/div>\n<div id='slider_562_slide03' class='sa_hover_container' style='padding:2% 5%; margin:0px 0%; '><div class=\"row\">\r\n<div class=\"col-12 mt-4 mb-4\" id=\"\"><hr \/><\/div>\r\n<div class=\"col-lg-3 col-sm-10 pb-3\"><img decoding=\"async\" class=\"img-fluid equipesocio\" src=\"https:\/\/avalorem.com.br\/\/wp-content\/uploads\/2021\/12\/mario-site.jpg\"\/><\/div>\r\n<div class=\"col-lg-9 col-sm-10 pr-3\">\r\n<h3 class=\"color\">Mario Amato Netto<\/h3>\r\nPartner at Alpha Valorem with almost 30 years of experience in various market segments. He was CEO of Usina Verde from 2011 to 2014. From 2006 to 2011 he was part of Galeazzi Associados where he participated or led restructuring, performance improvement and M&A projects in companies such as GPA (Grupo P\u00e3o de A\u00e7\u00facar), Rede, Estapar, FRIGOL, Syku\u00e9 and Medial Sa\u00fade. \r\nHe served as executive or entrepreneur in companies in the areas of telecommunications, exports, non-durable goods, Real Estate and agribusiness. He currently participates as a member of the board of Moreira Salles Agropecu\u00e1ria, Origin Biotechnology and BP-Benefic\u00eancia Portuguesa of S\u00e3o Paulo. \r\nGraduated in business administration from FAAP with an extension in management and leadership from the University of California at Berkeley. \r\n<ul class=\"list-inline text-right\">\r\n<li class=\"list-inline-item\"><a target=\"_blank\"  href=\"https:\/\/www.linkedin.com\/in\/mario-amato-netto-1695b12\/\"><i class=\"fab fa-linkedin\"><\/i><\/a><\/li>\r\n<li class=\"list-inline-item\"><a href=\"mailto:mario.amato@avalorem.com.br\"><i class=\"fas fa-envelope-open-text\"><\/i><\/a><\/li>\r\n<\/ul>\r\n<\/div>\r\n\r\n<div class=\"col-12 mt-4 mb-4\" id=\"\"><hr \/><\/div>\r\n<\/div><\/div>\n<div id='slider_562_slide04' class='sa_hover_container' style='padding:2% 5%; margin:0px 0%; '><div class=\"row\">\r\n<div class=\"col-12 mt-4 mb-4\" id=\"\"><hr \/><\/div>\r\n<div class=\"col-lg-3 col-sm-10 pb-3\"><img decoding=\"async\" class=\"img-fluid equipesocio\" src=\"https:\/\/avalorem.com.br\/\/wp-content\/uploads\/2021\/11\/matheus.jpg\"\/><\/div>\r\n<div class=\"col-lg-9 col-sm-10 pr-3\">\r\n<h3 class=\"color\">Matheus F Bonelli<\/h3>\r\nPartner at Alpha Valorem, he was co-founding partner and CFO of Central de Registros-CRDC. He has 14 years of professional experience, having served as a portfolio manager at GG Investimentos. Previously, he was Equity Research Analyst at the same company. He also worked in the Equity Research area of \u200b\u200bFram Capital Gest\u00e3o de Recursos. He started his career in the Planning and Financial Studies department at Avon Cosmetics Brazil. Among his professional achievements, we highlight the creation of financial projection models in different scenarios, the allocation of multimarket funds (P.L. of R$ 100 million) and the management of stock picking portfolios and pair trading strategies. Graduated in Business Administration from EAESP-FGV, focusing on Corporate Finance and financial markets. MA in finance and Controllership from EAESP-FGV, he is co-author of the article Risk Reduction in Loans Against Receivables, published in the 19th edition of the Brazilian Review of Finance. he has the CVM\/ANBIMA CGA (fund management) certificate. \r\n<ul class=\"list-inline text-right\">\r\n<li class=\"list-inline-item\"><a target=\"_blank\"  href=\"https:\/\/www.linkedin.com\/in\/matheus-bonelli-58402012\/\"><i class=\"fab fa-linkedin\"><\/i><\/a><\/li>\r\n<li class=\"list-inline-item\"><a href=\"mailto:m.bonelli@avalorem.com.br\"><i class=\"fas fa-envelope-open-text\"><\/i><\/a><\/li>\r\n<\/ul>\r\n<\/div>\r\n\r\n<div class=\"col-12 mt-4 mb-4\" id=\"\"><hr \/><\/div>\r\n<\/div><\/div>\n<div id='slider_562_slide05' class='sa_hover_container' style='padding:2% 5%; margin:0px 0%; '><div class=\"row\">\r\n<div class=\"col-12 mt-4 mb-4\" id=\"\"><hr \/><\/div>\r\n<div class=\"col-lg-3 col-sm-10 pb-3\"><img decoding=\"async\" class=\"img-fluid equipesocio\" src=\"https:\/\/avalorem.com.br\/\/wp-content\/uploads\/2021\/12\/ricardo.jpg\"\/><\/div>\r\n<div class=\"col-lg-9 col-sm-10 pr-3\">\r\n<h3 class=\"color\">Ricardo de Jesus<\/h3>\r\nExecutive working in national and multinational companies in the electronics, telecommunications, agro-industrial and business consulting segments. Experience in Administration and Finance, Financial Planning, Sales and Marketing, Logistics and Distribution and New Business Structuring. He worked on several projects and structured partnerships to represent companies from the United States, Europe, Israel, Korea, and China in Brazil. Postgraduate and currently attending a Professional Master's in Business Administration at FGV (MPA and CEAG). Specialization in Negotiation and Leadership from Harvard Law School (HLS), USA. \r\n<ul class=\"list-inline text-right\">\r\n<li class=\"list-inline-item\"><a target=\"_blank\"  href=\"https:\/\/www.linkedin.com\/in\/ricardodejesus\/\"><i class=\"fab fa-linkedin\"><\/i><\/a><\/li>\r\n<li class=\"list-inline-item\"><a href=\"mailto:ricardo@avalorem.com.br\"><i class=\"fas fa-envelope-open-text\"><\/i><\/a><\/li>\r\n<\/ul>\r\n<\/div>\r\n<div class=\"col-12 mt-4 mb-4\" id=\"\"><hr \/><\/div>\r\n<\/div><\/div>\n<\/div>\n<\/div>\n<script type='text\/javascript'>\n\tjQuery(document).ready(function() {\n\t\tjQuery('#slider_562').owlCarousel({\n\t\t\titems : 1,\n\t\t\tanimateOut : 'fadeOut',\n\t\t\tsmartSpeed : 200,\n\t\t\tautoplay : false,\n\t\t\tautoplayHoverPause : false,\n\t\t\tsmartSpeed : 200,\n\t\t\tfluidSpeed : 200,\n\t\t\tautoplaySpeed : 200,\n\t\t\tnavSpeed : 200,\n\t\t\tdotsSpeed : 200,\n\t\t\tloop : true,\n\t\t\tnav : true,\n\t\t\tnavText : ['Previous','Next'],\n\t\t\tdots : true,\n\t\t\tresponsiveRefreshRate : 200,\n\t\t\tslideBy : 1,\n\t\t\tmergeFit : true,\n\t\t\tautoHeight : true,\n\t\t\tmouseDrag : true,\n\t\t\ttouchDrag : true\n\t\t});\n\t\tjQuery('#slider_562').css('visibility', 'visible');\n\t\tsa_resize_slider_562();\n\t\twindow.addEventListener('resize', sa_resize_slider_562);\n\t\tfunction sa_resize_slider_562() {\n\t\t\tvar min_height = '50';\n\t\t\tvar win_width = jQuery(window).width();\n\t\t\tvar slider_width = jQuery('#slider_562').width();\n\t\t\tif (win_width < 480) {\n\t\t\t\tvar slide_width = slider_width \/ 1;\n\t\t\t} else if (win_width < 768) {\n\t\t\t\tvar slide_width = slider_width \/ 1;\n\t\t\t} else if (win_width < 980) {\n\t\t\t\tvar slide_width = slider_width \/ 1;\n\t\t\t} else if (win_width < 1200) {\n\t\t\t\tvar slide_width = slider_width \/ 1;\n\t\t\t} else if (win_width < 1500) {\n\t\t\t\tvar slide_width = slider_width \/ 1;\n\t\t\t} else {\n\t\t\t\tvar slide_width = slider_width \/ 1;\n\t\t\t}\n\t\t\tslide_width = Math.round(slide_width);\n\t\t\tvar slide_height = '0';\n\t\t\tif (min_height == 'aspect43') {\n\t\t\t\tslide_height = (slide_width \/ 4) * 3;\t\t\t\tslide_height = Math.round(slide_height);\n\t\t\t} else if (min_height == 'aspect169') {\n\t\t\t\tslide_height = (slide_width \/ 16) * 9;\t\t\t\tslide_height = Math.round(slide_height);\n\t\t\t} else {\n\t\t\t\tslide_height = (slide_width \/ 100) * min_height;\t\t\t\tslide_height = Math.round(slide_height);\n\t\t\t}\n\t\t\tjQuery('#slider_562 .owl-item .sa_hover_container').css('min-height', slide_height+'px');\n\t\t}\n\t\tvar mw_595 = jQuery('#slider_562');\n\t\tmw_595.on('mousewheel', '.owl-stage', function (e) {\n\t\t\tif (e.deltaY>0) {\n\t\t\t\tmw_595.trigger('next.owl');\n\t\t\t} else {\n\t\t\t\tmw_595.trigger('prev.owl');\n\t\t\t}\n\t\t\te.preventDefault();\n\t\t});\n\t\tvar owl_goto = jQuery('#slider_562');\n\t\tjQuery('.slider_562_goto1').click(function(event){\n\t\t\towl_goto.trigger('to.owl.carousel', 0);\n\t\t});\n\t\tjQuery('.slider_562_goto2').click(function(event){\n\t\t\towl_goto.trigger('to.owl.carousel', 1);\n\t\t});\n\t\tjQuery('.slider_562_goto3').click(function(event){\n\t\t\towl_goto.trigger('to.owl.carousel', 2);\n\t\t});\n\t\tjQuery('.slider_562_goto4').click(function(event){\n\t\t\towl_goto.trigger('to.owl.carousel', 3);\n\t\t});\n\t\tjQuery('.slider_562_goto5').click(function(event){\n\t\t\towl_goto.trigger('to.owl.carousel', 4);\n\t\t});\n\t\tvar resize_595 = jQuery('.owl-carousel');\n\t\tresize_595.on('initialized.owl.carousel', function(e) {\n\t\t\tif (typeof(Event) === 'function') {\n\t\t\t\twindow.dispatchEvent(new Event('resize'));\n\t\t\t} else {\n\t\t\t\tvar evt = window.document.createEvent('UIEvents');\n\t\t\t\tevt.initUIEvent('resize', true, false, window, 0);\n\t\t\t\twindow.dispatchEvent(evt);\n\t\t\t}\n\t\t});\n\t});\n<\/script>\n\n<\/div>\n<\/div>\n<\/div>\n","protected":false},"excerpt":{"rendered":"<p>Who we are We are challenge-driven professionals and entrepreneurs, with experience in several industries that combine strategic business vision, execution capability and financial knowledge, necessary to ensure that our portfolio companies grow and become strong and sustainable businesses. As active partners, we focus our attention on creating value, combining growth and profitability.<\/p>\n","protected":false},"author":1,"featured_media":0,"parent":0,"menu_order":0,"comment_status":"closed","ping_status":"closed","template":"fullwidth.php","meta":{"footnotes":""},"class_list":["post-7","page","type-page","status-publish","hentry"],"translation":{"provider":"WPGlobus","version":"2.5.12","language":"en","enabled_languages":["br","en"],"languages":{"br":{"title":true,"content":true,"excerpt":false},"en":{"title":true,"content":true,"excerpt":false}}},"_links":{"self":[{"href":"https:\/\/avalorem.com.br\/en\/wp-json\/wp\/v2\/pages\/7","targetHints":{"allow":["GET"]}}],"collection":[{"href":"https:\/\/avalorem.com.br\/en\/wp-json\/wp\/v2\/pages"}],"about":[{"href":"https:\/\/avalorem.com.br\/en\/wp-json\/wp\/v2\/types\/page"}],"author":[{"embeddable":true,"href":"https:\/\/avalorem.com.br\/en\/wp-json\/wp\/v2\/users\/1"}],"replies":[{"embeddable":true,"href":"https:\/\/avalorem.com.br\/en\/wp-json\/wp\/v2\/comments?post=7"}],"version-history":[{"count":47,"href":"https:\/\/avalorem.com.br\/en\/wp-json\/wp\/v2\/pages\/7\/revisions"}],"predecessor-version":[{"id":597,"href":"https:\/\/avalorem.com.br\/en\/wp-json\/wp\/v2\/pages\/7\/revisions\/597"}],"wp:attachment":[{"href":"https:\/\/avalorem.com.br\/en\/wp-json\/wp\/v2\/media?parent=7"}],"curies":[{"name":"wp","href":"https:\/\/api.w.org\/{rel}","templated":true}]}}